{"id":1574,"date":"2025-09-15T22:21:16","date_gmt":"2025-09-15T20:21:16","guid":{"rendered":"https:\/\/bmsb-bodensysteme.de\/kuenye\/"},"modified":"2026-02-11T11:39:31","modified_gmt":"2026-02-11T10:39:31","slug":"kuenye","status":"publish","type":"page","link":"https:\/\/bmsb-bodensysteme.de\/tr\/kuenye\/","title":{"rendered":"K\u00fcnye"},"content":{"rendered":"\t\t<div data-elementor-type=\"wp-page\" data-elementor-id=\"1574\" class=\"elementor elementor-1574 elementor-236\">\n\t\t\t\t<div class=\"elementor-element elementor-element-7ba04fc e-con-full e-flex e-con e-parent\" data-id=\"7ba04fc\" data-element_type=\"container\">\n\t\t\t\t<div class=\"elementor-element elementor-element-e647b43 elementor-widget elementor-widget-heading\" data-id=\"e647b43\" data-element_type=\"widget\" data-widget_type=\"heading.default\">\n\t\t\t\t<div class=\"elementor-widget-container\">\n\t\t\t\t\t<h1 class=\"elementor-heading-title elementor-size-default\">K\u00fcnye <\/h1>\t\t\t\t<\/div>\n\t\t\t\t<\/div>\n\t\t\t\t<div class=\"elementor-element elementor-element-169da48 elementor-widget elementor-widget-text-editor\" data-id=\"169da48\" data-element_type=\"widget\" data-widget_type=\"text-editor.default\">\n\t\t\t\t<div class=\"elementor-widget-container\">\n\t\t\t\t\t\t\t\t\t<h2 style=\"text-align: center;\" data-start=\"689\" data-end=\"714\">TMG \u00a7 5 uyar\u0131nca bilgiler<\/h2><p style=\"text-align: center;\" data-start=\"716\" data-end=\"868\">bmsb Bodensysteme markas\u0131 \u2013<br data-start=\"794\" data-end=\"797\">\u015fu anda a\u015fa\u011f\u0131daki \u015firketlerin ortak giri\u015fimi olarak geli\u015ftirilmektedir:<\/p>\t\t\t\t\t\t\t\t<\/div>\n\t\t\t\t<\/div>\n\t\t\t\t<\/div>\n\t\t<div class=\"elementor-element elementor-element-31d135e e-flex e-con-boxed e-con e-parent\" data-id=\"31d135e\" data-element_type=\"container\">\n\t\t\t\t\t<div class=\"e-con-inner\">\n\t\t<div class=\"elementor-element elementor-element-c117459 e-con-full e-flex e-con e-child\" data-id=\"c117459\" data-element_type=\"container\">\n\t\t\t\t<div class=\"elementor-element elementor-element-cb099eb elementor-widget elementor-widget-text-editor\" data-id=\"cb099eb\" data-element_type=\"widget\" data-widget_type=\"text-editor.default\">\n\t\t\t\t<div class=\"elementor-widget-container\">\n\t\t\t\t\t\t\t\t\t<h3>BM Business Consulting GmbH<\/h3>\n<p>Neuh\u00e4user Stra\u00dfe 49<br>33102 Paderborn<br>Almanya<\/p>\n<h4>Temsil eden:<\/h4>\n<p><strong>Birguel Minnich<\/strong> (Genel M\u00fcd\u00fcr)<\/p>\n<h4>\u0130leti\u015fim<\/h4>\n<p><strong>Mobil<\/strong>: +49 171 3893143<br><strong>E-Posta:<\/strong> bm.business.consulting.13@gmail.com<\/p>\n<h4>Ticaret Sicili:<\/h4>\n<p><strong>Sicil Mahkemesi<\/strong>: Amtsgericht Paderborn <br><strong>Ticaret Sicil Numaras\u0131 (HRB)<\/strong>: 15343<\/p>\n<h4>UStG \u00a7 27a uyar\u0131nca KDV Kimlik Numaras\u0131:<\/h4>\n<p>DE345176462<\/p>\t\t\t\t\t\t\t\t<\/div>\n\t\t\t\t<\/div>\n\t\t\t\t<\/div>\n\t\t<div class=\"elementor-element elementor-element-0b05eda e-con-full e-flex e-con e-child\" data-id=\"0b05eda\" data-element_type=\"container\">\n\t\t\t\t<div class=\"elementor-element elementor-element-c83518e elementor-widget elementor-widget-text-editor\" data-id=\"c83518e\" data-element_type=\"widget\" data-widget_type=\"text-editor.default\">\n\t\t\t\t<div class=\"elementor-widget-container\">\n\t\t\t\t\t\t\t\t\t<h3>SBBC \u2013 Systemboden Business Consulting<\/h3><p>Freiherr-vom-Stein-Stra\u00dfe 37<br>48734 Reken<br>Almanya<\/p><h4>Temsil eden:<\/h4><p><strong>Dipl.-Ing. Hermann-Josef Haveloh<\/strong><\/p><h4>\u0130leti\u015fim<\/h4><p><strong>Mobil<\/strong>: +49 175 3366663<br><strong>E-Posta: <\/strong>sbbc.ingenieurbuero@gmail.com<\/p><h4>KDV Kimlik Numaras\u0131:<\/h4><p>UStG \u00a7 19 uyar\u0131nca gerekli de\u011fildir (k\u00fc\u00e7\u00fck i\u015fletme d\u00fczenlemesi).<\/p><h4> <\/h4>\t\t\t\t\t\t\t\t<\/div>\n\t\t\t\t<\/div>\n\t\t\t\t<\/div>\n\t\t\t\t\t<\/div>\n\t\t\t\t<\/div>\n\t\t<div class=\"elementor-element elementor-element-e7f3822 e-flex e-con-boxed e-con e-parent\" data-id=\"e7f3822\" data-element_type=\"container\" data-settings=\"{&quot;background_background&quot;:&quot;classic&quot;}\">\n\t\t\t\t\t<div class=\"e-con-inner\">\n\t\t<div class=\"elementor-element elementor-element-e6f6cbc e-con-full e-flex e-con e-child\" data-id=\"e6f6cbc\" data-element_type=\"container\">\n\t\t\t\t<div class=\"elementor-element elementor-element-178505c elementor-widget elementor-widget-text-editor\" data-id=\"178505c\" data-element_type=\"widget\" data-widget_type=\"text-editor.default\">\n\t\t\t\t<div class=\"elementor-widget-container\">\n\t\t\t\t\t\t\t\t\t<h3>Marka g\u00f6r\u00fcn\u00fcm\u00fc haz\u0131rl\u0131k a\u015famas\u0131nda<\/h3><p><strong>bmsb Bodensysteme<\/strong><br>SBBC | BMBC | Zemin ve \u0130n\u015faat Sistemleri<br>Neuh\u00e4user Stra\u00dfe 49<br>33102 Paderborn<\/p><h4>E-Posta \u0130leti\u015fim:<\/h4><p>bmsb.bodensysteme@gmail.com<\/p><h4>RStV \u00a7 55 Abs. 2 uyar\u0131nca i\u00e7erikten sorumlu: <\/h4><p>Birguel Minnich<br>Neuh\u00e4user Stra\u00dfe 49<br>33102 Paderborn<\/p>\t\t\t\t\t\t\t\t<\/div>\n\t\t\t\t<\/div>\n\t\t\t\t<\/div>\n\t\t<div class=\"elementor-element elementor-element-f9a7172 e-con-full e-flex e-con e-child\" data-id=\"f9a7172\" data-element_type=\"container\">\n\t\t\t\t<div class=\"elementor-element elementor-element-d866b8d elementor-widget elementor-widget-text-editor\" data-id=\"d866b8d\" data-element_type=\"widget\" data-widget_type=\"text-editor.default\">\n\t\t\t\t<div class=\"elementor-widget-container\">\n\t\t\t\t\t\t\t\t\t<h3>Domain ve Web Sitesi Sorumlulu\u011fu<\/h3><p>Web sitesi, bmsb Bodensysteme GmbH kurulana kadar a\u015fa\u011f\u0131dakiler taraf\u0131ndan ortakla\u015fa i\u015fletilmektedir:<\/p><ul><li>BM Business Consulting GmbH<\/li><li>SBBC \u2013 Systemboden Business Consulting<\/li><\/ul><p>Gelecekte bmsb Bodensysteme GmbH tek ba\u015f\u0131na i\u015fletme ve domain sorumlulu\u011funu \u00fcstlenecektir.<\/p>\t\t\t\t\t\t\t\t<\/div>\n\t\t\t\t<\/div>\n\t\t\t\t<div class=\"elementor-element elementor-element-64a05ca elementor-widget elementor-widget-text-editor\" data-id=\"64a05ca\" data-element_type=\"widget\" data-widget_type=\"text-editor.default\">\n\t\t\t\t<div class=\"elementor-widget-container\">\n\t\t\t\t\t\t\t\t\t<h3>AB Uyu\u015fmazl\u0131k \u00c7\u00f6z\u00fcm\u00fc<\/h3><p>Avrupa Komisyonu \u00e7evrimi\u00e7i uyu\u015fmazl\u0131k \u00e7\u00f6z\u00fcm\u00fc (OS) i\u00e7in bir platform sunmaktad\u0131r: https:\/\/ec.europa.eu\/consumers\/odr\/.<br>E-posta adresimizi yukar\u0131daki k\u00fcnyede bulabilirsiniz.<\/p>\t\t\t\t\t\t\t\t<\/div>\n\t\t\t\t<\/div>\n\t\t\t\t<div class=\"elementor-element elementor-element-afb4d23 elementor-widget elementor-widget-text-editor\" data-id=\"afb4d23\" data-element_type=\"widget\" data-widget_type=\"text-editor.default\">\n\t\t\t\t<div class=\"elementor-widget-container\">\n\t\t\t\t\t\t\t\t\t<h3>T\u00fcketici Uyu\u015fmazl\u0131k \u00c7\u00f6z\u00fcm\u00fc\/Evrensel Arabuluculuk Kurumu<\/h3><p>T\u00fcketici arabuluculuk kurumu \u00f6n\u00fcnde uyu\u015fmazl\u0131k \u00e7\u00f6z\u00fcm s\u00fcre\u00e7lerine kat\u0131lmaya haz\u0131r de\u011filiz veya y\u00fck\u00fcml\u00fc de\u011filiz.<\/p>\t\t\t\t\t\t\t\t<\/div>\n\t\t\t\t<\/div>\n\t\t\t\t<\/div>\n\t\t\t\t\t<\/div>\n\t\t\t\t<\/div>\n\t\t<div class=\"elementor-element elementor-element-e6055cc e-flex e-con-boxed e-con e-parent\" data-id=\"e6055cc\" data-element_type=\"container\">\n\t\t\t\t\t<div class=\"e-con-inner\">\n\t\t<div class=\"elementor-element elementor-element-51b1e9a e-con-full e-flex e-con e-child\" data-id=\"51b1e9a\" data-element_type=\"container\">\n\t\t\t\t<\/div>\n\t\t<div class=\"elementor-element elementor-element-e702b94 e-con-full e-flex e-con e-child\" data-id=\"e702b94\" data-element_type=\"container\">\n\t\t\t\t<\/div>\n\t\t\t\t\t<\/div>\n\t\t\t\t<\/div>\n\t\t<div class=\"elementor-element elementor-element-bf8815d e-flex e-con-boxed e-con e-parent\" data-id=\"bf8815d\" data-element_type=\"container\">\n\t\t\t\t\t<div class=\"e-con-inner\">\n\t\t\t\t<div class=\"elementor-element elementor-element-2b7f9f8 elementor-widget elementor-widget-text-editor\" data-id=\"2b7f9f8\" data-element_type=\"widget\" data-widget_type=\"text-editor.default\">\n\t\t\t\t<div class=\"elementor-widget-container\">\n\t\t\t\t\t\t\t\t\t<h2>Sorumluluk Reddi<\/h2>\t\t\t\t\t\t\t\t<\/div>\n\t\t\t\t<\/div>\n\t\t\t\t\t<\/div>\n\t\t\t\t<\/div>\n\t\t<div class=\"elementor-element elementor-element-ff770f4 e-flex e-con-boxed e-con e-parent\" data-id=\"ff770f4\" data-element_type=\"container\">\n\t\t\t\t\t<div class=\"e-con-inner\">\n\t\t<div class=\"elementor-element elementor-element-5e49202 e-con-full e-flex e-con e-child\" data-id=\"5e49202\" data-element_type=\"container\">\n\t\t\t\t<div class=\"elementor-element elementor-element-02e791b elementor-widget elementor-widget-text-editor\" data-id=\"02e791b\" data-element_type=\"widget\" data-widget_type=\"text-editor.default\">\n\t\t\t\t<div class=\"elementor-widget-container\">\n\t\t\t\t\t\t\t\t\t<h3>\u0130\u00e7erik Sorumlulu\u011fu<\/h3><p>Hizmet sa\u011flay\u0131c\u0131 olarak TMG \u00a7 7 Abs.1 uyar\u0131nca bu sayfalardaki kendi i\u00e7eriklerimizden genel yasalar \u00e7er\u00e7evesinde sorumluyuz. TMG \u00a7\u00a7 8 ila 10 uyar\u0131nca hizmet sa\u011flay\u0131c\u0131 olarak iletilen veya saklanan \u00fc\u00e7\u00fcnc\u00fc taraf bilgilerini izleme veya hukuka ayk\u0131r\u0131 faaliyeti g\u00f6steren durumlar\u0131 ara\u015ft\u0131rma y\u00fck\u00fcml\u00fcl\u00fc\u011f\u00fcm\u00fcz bulunmamaktad\u0131r.  <\/p><p>Genel yasalar uyar\u0131nca bilgilerin kald\u0131r\u0131lmas\u0131 veya kullan\u0131m\u0131n\u0131n engellenmesi y\u00fck\u00fcml\u00fcl\u00fckleri bundan etkilenmez. Ancak bu konuda sorumluluk ancak somut bir hukuk ihlalinin bilgisine sahip olundu\u011fu andan itibaren m\u00fcmk\u00fcnd\u00fcr. \u0130lgili hukuk ihlalleri \u00f6\u011frenildi\u011finde bu i\u00e7erikleri derhal kald\u0131raca\u011f\u0131z.  <\/p><h3>Ba\u011flant\u0131lar \u0130\u00e7in Sorumluluk<\/h3><p>Teklifimiz, i\u00e7erikleri \u00fczerinde etkimizin bulunmad\u0131\u011f\u0131 \u00fc\u00e7\u00fcnc\u00fc taraf harici web sitelerine ba\u011flant\u0131lar i\u00e7ermektedir. Bu nedenle bu yabanc\u0131 i\u00e7erikler i\u00e7in de garanti veremeyiz. Ba\u011flant\u0131 verilen sayfalar\u0131n i\u00e7eriklerinden her zaman ilgili sa\u011flay\u0131c\u0131 veya sayfalar\u0131n i\u015fletmecisi sorumludur. Ba\u011flant\u0131 verilen sayfalar ba\u011flant\u0131 kuruldu\u011fu s\u0131rada olas\u0131 hukuk ihlalleri a\u00e7\u0131s\u0131ndan kontrol edilmi\u015ftir. Ba\u011flant\u0131 kuruldu\u011fu s\u0131rada hukuka ayk\u0131r\u0131 i\u00e7erikler tespit edilmemi\u015ftir.    <\/p>\t\t\t\t\t\t\t\t<\/div>\n\t\t\t\t<\/div>\n\t\t\t\t<\/div>\n\t\t<div class=\"elementor-element elementor-element-59adffb e-con-full e-flex e-con e-child\" data-id=\"59adffb\" data-element_type=\"container\">\n\t\t\t\t<div class=\"elementor-element elementor-element-1bd6e28 elementor-widget elementor-widget-text-editor\" data-id=\"1bd6e28\" data-element_type=\"widget\" data-widget_type=\"text-editor.default\">\n\t\t\t\t<div class=\"elementor-widget-container\">\n\t\t\t\t\t\t\t\t\t<p>Ancak ba\u011flant\u0131 verilen sayfalar\u0131n s\u00fcrekli i\u00e7erik kontrol\u00fc, somut hukuk ihlali belirtileri olmadan makul de\u011fildir. Hukuk ihlalleri \u00f6\u011frenildi\u011finde bu t\u00fcr ba\u011flant\u0131lar\u0131 derhal kald\u0131raca\u011f\u0131z. <\/p><h3>Telif Hakk\u0131<\/h3><p>Sayfa i\u015fletmecileri taraf\u0131ndan bu sayfalarda olu\u015fturulan i\u00e7erik ve eserler Alman telif hakk\u0131na tabidir. Telif hakk\u0131 s\u0131n\u0131rlar\u0131 d\u0131\u015f\u0131nda \u00e7o\u011faltma, i\u015fleme, da\u011f\u0131t\u0131m ve her t\u00fcrl\u00fc de\u011ferlendirme ilgili yazar veya yarat\u0131c\u0131n\u0131n yaz\u0131l\u0131 onay\u0131n\u0131 gerektirir. Bu sayfan\u0131n indirme ve kopyalar\u0131 yaln\u0131zca \u00f6zel, ticari olmayan kullan\u0131m i\u00e7in izinlidir.  <\/p><p>Bu sayfadaki i\u00e7erikler i\u015fletmeci taraf\u0131ndan olu\u015fturulmad\u0131\u011f\u0131 \u00f6l\u00e7\u00fcde \u00fc\u00e7\u00fcnc\u00fc taraflar\u0131n telif haklar\u0131 dikkate al\u0131n\u0131r. \u00d6zellikle \u00fc\u00e7\u00fcnc\u00fc taraf i\u00e7erikleri bu \u015fekilde i\u015faretlenir. Yine de bir telif hakk\u0131 ihlaline dikkat \u00e7ekerseniz, l\u00fctfen bizi uyar\u0131n\u0131z. Hukuk ihlalleri \u00f6\u011frenildi\u011finde bu t\u00fcr i\u00e7erikleri derhal kald\u0131raca\u011f\u0131z.   <\/p>\t\t\t\t\t\t\t\t<\/div>\n\t\t\t\t<\/div>\n\t\t\t\t<\/div>\n\t\t\t\t\t<\/div>\n\t\t\t\t<\/div>\n\t\t<div class=\"elementor-element elementor-element-527ef73 e-flex e-con-boxed e-con e-parent\" data-id=\"527ef73\" data-element_type=\"container\">\n\t\t\t\t\t<div class=\"e-con-inner\">\n\t\t\t\t<div class=\"elementor-element elementor-element-bed6c15 elementor-widget elementor-widget-text-editor\" data-id=\"bed6c15\" data-element_type=\"widget\" data-widget_type=\"text-editor.default\">\n\t\t\t\t<div class=\"elementor-widget-container\">\n\t\t\t\t\t\t\t\t\t<h2>G\u00f6rsel Kaynaklar\u0131m\u0131za \u0130li\u015fkin Bilgilendirme<\/h2>\t\t\t\t\t\t\t\t<\/div>\n\t\t\t\t<\/div>\n\t\t\t\t\t<\/div>\n\t\t\t\t<\/div>\n\t\t<div class=\"elementor-element elementor-element-6a31732 e-flex e-con-boxed e-con e-parent\" data-id=\"6a31732\" data-element_type=\"container\">\n\t\t\t\t\t<div class=\"e-con-inner\">\n\t\t<div class=\"elementor-element elementor-element-ee105db e-con-full e-flex e-con e-child\" data-id=\"ee105db\" data-element_type=\"container\">\n\t\t\t\t<div class=\"elementor-element elementor-element-31132f6 elementor-widget elementor-widget-text-editor\" data-id=\"31132f6\" data-element_type=\"widget\" data-widget_type=\"text-editor.default\">\n\t\t\t\t<div class=\"elementor-widget-container\">\n\t\t\t\t\t\t\t\t\t<p>Bu web sitesindeki g\u00f6rsellerimiz \u00e7e\u015fitli kaynaklardan gelmekte olup t\u00fcm yasal gereklilikleri kar\u015f\u0131lamaktad\u0131r. Bunlar\u0131 ya \u00fccretli Canva lisans\u0131 \u00fczerinden temin ettik, kendimiz olu\u015fturduk veya ortaklar\u0131m\u0131zdan ald\u0131k. Canva \u00fczerinden olu\u015fturulan i\u00e7erikler, i\u00e7erdi\u011fi g\u00f6rsellerin ticari kullan\u0131m\u0131na izin veren Canva Pro Lisans\u0131 ko\u015fullar\u0131na tabidir. Bu konuda daha fazla bilgiyi Canva Content License Agreement&#8217;ta bulabilirsiniz.   <\/p><h3>Canva Pro \u0130\u00e7eriklerinin Kullan\u0131m\u0131na \u0130li\u015fkin Hukuki Bilgilendirme<\/h3><p>Web sitemizde Canva Pro i\u00e7eriklerini yaln\u0131zca ge\u00e7erli lisans ko\u015fullar\u0131 \u00e7er\u00e7evesinde kullanmaktay\u0131z. Bu konuda Canva Content License Agreement&#8217;\u0131n temel h\u00fck\u00fcmlerine, \u00f6zellikle a\u015fa\u011f\u0131daki konularda uyum sa\u011flamaktay\u0131z: <\/p><h4>1. &#8220;Tek ba\u015f\u0131na&#8221; kullan\u0131m yasa\u011f\u0131<\/h4><p>Canva, Pro \u0130\u00e7eri\u011fin daha b\u00fcy\u00fck bir tasar\u0131m\u0131n par\u00e7as\u0131 olmad\u0131\u011f\u0131 durumlarda de\u011fi\u015ftirilmemi\u015f halde kullan\u0131lmas\u0131n\u0131 a\u00e7\u0131k\u00e7a yasaklamaktad\u0131r:<\/p><p>&#8220;You must not use any Pro Content as a stand-alone file.&#8221; &#8220;For example, you cannot use a Pro image by itself on a website or printed on a product without adding your own design elements.&#8221; (Kaynak: Canva Content License Agreement \u2013 B\u00f6l\u00fcm 5A)<\/p><p>Uygulamam\u0131z: Bizde kullan\u0131lan t\u00fcm Canva Pro g\u00f6rselleri Canva i\u00e7erisinde d\u00fczenlenmi\u015f (\u00f6rne\u011fin metin, logo, renk alanlar\u0131 veya tasar\u0131m \u00f6\u011feleri ile \u00fcst \u00fcste getirilerek) ve izole olarak kullan\u0131lmam\u0131\u015ft\u0131r. B\u00f6ylece Canva g\u00f6rsellerinin &#8220;tek ba\u015f\u0131na&#8221; kullan\u0131lamayaca\u011f\u0131 \u015fart\u0131n\u0131 yerine getirmekteyiz. <\/p>\t\t\t\t\t\t\t\t<\/div>\n\t\t\t\t<\/div>\n\t\t\t\t<\/div>\n\t\t<div class=\"elementor-element elementor-element-8b1dd8a e-con-full e-flex e-con e-child\" data-id=\"8b1dd8a\" data-element_type=\"container\">\n\t\t\t\t<div class=\"elementor-element elementor-element-af16ae2 elementor-widget elementor-widget-text-editor\" data-id=\"af16ae2\" data-element_type=\"widget\" data-widget_type=\"text-editor.default\">\n\t\t\t\t<div class=\"elementor-widget-container\">\n\t\t\t\t\t\t\t\t\t<h4>2. De\u011fi\u015ftirilmemi\u015f i\u00e7eriklerin kullan\u0131m\u0131n\u0131n maksimum 800 \u00d7 600 piksel ile s\u0131n\u0131rland\u0131r\u0131lmas\u0131 <\/h4><p>\u0130\u00e7eriklerin de\u011fi\u015ftirilmedi\u011fi durumlar i\u00e7in Canva&#8217;ya g\u00f6re a\u015fa\u011f\u0131daki k\u0131s\u0131tlama ge\u00e7erlidir:<\/p><p>&#8220;If you use unmodified Pro Content in digital media (e.g. websites, ebooks, social media, online ads), you must ensure it does not exceed 480,000 pixels (e.g. 800px x 600px) in total size.&#8221; (Kaynak: Canva Content License Agreement \u2013 B\u00f6l\u00fcm 5A)<\/p><p>Uygulamam\u0131z: Canva Pro g\u00f6rsel materyali grafik olarak de\u011fi\u015ftirilmedi\u011fi durumlarda, g\u00f6rsel boyutunun maksimum 480.000 piksel (\u00f6rne\u011fin 800 \u00d7 600 px) izin verilen s\u0131n\u0131r\u0131 a\u015fmamas\u0131na dikkat etmekteyiz. Bu \u00f6rne\u011fin g\u00f6rsel arka plan detaylar\u0131 olarak entegre edilen ancak ba\u011f\u0131ms\u0131z olarak \u00f6ne \u00e7\u0131kar\u0131lmayan grafik \u00f6\u011feleri i\u00e7in ge\u00e7erlidir. <\/p><h4>Hukuka Uygun Kullan\u0131m\u0131n \u00d6zeti<\/h4><p>T\u00fcm Canva Pro g\u00f6rselleri d\u00fczenlenerek ve tam bir tasar\u0131ma entegre edilerek kullan\u0131lmaktad\u0131r \u2013 tek ba\u015f\u0131na kullan\u0131m yoktur.<\/p><p>\u0130stisnai durumlarda (de\u011fi\u015ftirilmeden entegre edilen \u00f6\u011feler) Canva Content License&#8217;ta \u00f6ng\u00f6r\u00fcld\u00fc\u011f\u00fc \u015fekilde maksimum izin verilen 800 \u00d7 600 piksel boyutuna s\u0131k\u0131 s\u0131k\u0131ya dikkat etmekteyiz.<\/p><p>B\u00f6ylece web sitesi tasar\u0131m\u0131m\u0131z \u00e7er\u00e7evesinde Canva Pro i\u00e7eriklerinin kullan\u0131m\u0131na ili\u015fkin t\u00fcm yasal gereklilikleri yerine getirmekteyiz.<\/p>\t\t\t\t\t\t\t\t<\/div>\n\t\t\t\t<\/div>\n\t\t\t\t<\/div>\n\t\t\t\t\t<\/div>\n\t\t\t\t<\/div>\n\t\t<div class=\"elementor-element elementor-element-04d96c9 e-flex e-con-boxed e-con e-parent\" data-id=\"04d96c9\" data-element_type=\"container\">\n\t\t\t\t\t<div class=\"e-con-inner\">\n\t\t\t\t\t<\/div>\n\t\t\t\t<\/div>\n\t\t\t\t<\/div>\n\t\t","protected":false},"excerpt":{"rendered":"<p>K\u00fcnye TMG \u00a7 5 uyar\u0131nca bilgiler bmsb Bodensysteme markas\u0131 \u2013\u015fu anda a\u015fa\u011f\u0131daki \u015firketlerin ortak giri\u015fimi olarak geli\u015ftirilmektedir: BM Business Consulting GmbH Neuh\u00e4user Stra\u00dfe 4933102 PaderbornAlmanya Temsil eden: Birguel Minnich (Genel M\u00fcd\u00fcr) \u0130leti\u015fim Mobil: +49 171 3893143E-Posta: bm.business.consulting.13@gmail.com Ticaret Sicili: Sicil Mahkemesi: Amtsgericht Paderborn Ticaret Sicil Numaras\u0131 (HRB): 15343 UStG \u00a7 27a uyar\u0131nca KDV Kimlik Numaras\u0131: [&hellip;]<\/p>\n","protected":false},"author":2,"featured_media":0,"parent":0,"menu_order":0,"comment_status":"closed","ping_status":"closed","template":"","meta":{"footnotes":""},"class_list":["post-1574","page","type-page","status-publish","hentry"],"yoast_head":"<!-- This site is optimized with the Yoast SEO plugin v26.4 - https:\/\/yoast.com\/wordpress\/plugins\/seo\/ -->\n<title>K\u00fcnye - bmsb-bodensysteme.de<\/title>\n<meta name=\"robots\" content=\"noindex, nofollow\" \/>\n<meta property=\"og:locale\" content=\"tr_TR\" \/>\n<meta property=\"og:type\" content=\"article\" \/>\n<meta property=\"og:title\" content=\"K\u00fcnye - bmsb-bodensysteme.de\" \/>\n<meta property=\"og:description\" content=\"K\u00fcnye TMG \u00a7 5 uyar\u0131nca bilgiler bmsb Bodensysteme markas\u0131 \u2013\u015fu anda a\u015fa\u011f\u0131daki \u015firketlerin ortak giri\u015fimi olarak geli\u015ftirilmektedir: BM Business Consulting GmbH Neuh\u00e4user Stra\u00dfe 4933102 PaderbornAlmanya Temsil eden: Birguel Minnich (Genel M\u00fcd\u00fcr) \u0130leti\u015fim Mobil: +49 171 3893143E-Posta: bm.business.consulting.13@gmail.com Ticaret Sicili: Sicil Mahkemesi: Amtsgericht Paderborn Ticaret Sicil Numaras\u0131 (HRB): 15343 UStG \u00a7 27a uyar\u0131nca KDV Kimlik Numaras\u0131: [&hellip;]\" \/>\n<meta property=\"og:url\" content=\"https:\/\/bmsb-bodensysteme.de\/tr\/kuenye\/\" \/>\n<meta property=\"og:site_name\" content=\"bmsb-bodensysteme.de\" \/>\n<meta property=\"article:modified_time\" content=\"2026-02-11T10:39:31+00:00\" \/>\n<meta name=\"twitter:card\" content=\"summary_large_image\" \/>\n<meta name=\"twitter:label1\" content=\"Tahmini okuma s\u00fcresi\" \/>\n\t<meta name=\"twitter:data1\" content=\"5 dakika\" \/>\n<script type=\"application\/ld+json\" class=\"yoast-schema-graph\">{\"@context\":\"https:\/\/schema.org\",\"@graph\":[{\"@type\":\"WebPage\",\"@id\":\"https:\/\/bmsb-bodensysteme.de\/tr\/kuenye\/\",\"url\":\"https:\/\/bmsb-bodensysteme.de\/tr\/kuenye\/\",\"name\":\"K\u00fcnye - bmsb-bodensysteme.de\",\"isPartOf\":{\"@id\":\"https:\/\/bmsb-bodensysteme.de\/tr\/#website\"},\"datePublished\":\"2025-09-15T20:21:16+00:00\",\"dateModified\":\"2026-02-11T10:39:31+00:00\",\"breadcrumb\":{\"@id\":\"https:\/\/bmsb-bodensysteme.de\/tr\/kuenye\/#breadcrumb\"},\"inLanguage\":\"tr\",\"potentialAction\":[{\"@type\":\"ReadAction\",\"target\":[\"https:\/\/bmsb-bodensysteme.de\/tr\/kuenye\/\"]}]},{\"@type\":\"BreadcrumbList\",\"@id\":\"https:\/\/bmsb-bodensysteme.de\/tr\/kuenye\/#breadcrumb\",\"itemListElement\":[{\"@type\":\"ListItem\",\"position\":1,\"name\":\"Startseite\",\"item\":\"https:\/\/bmsb-bodensysteme.de\/tr\/\"},{\"@type\":\"ListItem\",\"position\":2,\"name\":\"K\u00fcnye\"}]},{\"@type\":\"WebSite\",\"@id\":\"https:\/\/bmsb-bodensysteme.de\/tr\/#website\",\"url\":\"https:\/\/bmsb-bodensysteme.de\/tr\/\",\"name\":\"bmsb-bodensysteme.de\",\"description\":\"\",\"publisher\":{\"@id\":\"https:\/\/bmsb-bodensysteme.de\/tr\/#organization\"},\"potentialAction\":[{\"@type\":\"SearchAction\",\"target\":{\"@type\":\"EntryPoint\",\"urlTemplate\":\"https:\/\/bmsb-bodensysteme.de\/tr\/?s={search_term_string}\"},\"query-input\":{\"@type\":\"PropertyValueSpecification\",\"valueRequired\":true,\"valueName\":\"search_term_string\"}}],\"inLanguage\":\"tr\"},{\"@type\":\"Organization\",\"@id\":\"https:\/\/bmsb-bodensysteme.de\/tr\/#organization\",\"name\":\"bmsb-bodensysteme.de\",\"url\":\"https:\/\/bmsb-bodensysteme.de\/tr\/\",\"logo\":{\"@type\":\"ImageObject\",\"inLanguage\":\"tr\",\"@id\":\"https:\/\/bmsb-bodensysteme.de\/tr\/#\/schema\/logo\/image\/\",\"url\":\"https:\/\/bmsb-bodensysteme.de\/wp-content\/uploads\/2025\/09\/bmsb-bodensysteme-logo-dunkel.png\",\"contentUrl\":\"https:\/\/bmsb-bodensysteme.de\/wp-content\/uploads\/2025\/09\/bmsb-bodensysteme-logo-dunkel.png\",\"width\":347,\"height\":129,\"caption\":\"bmsb-bodensysteme.de\"},\"image\":{\"@id\":\"https:\/\/bmsb-bodensysteme.de\/tr\/#\/schema\/logo\/image\/\"}}]}<\/script>\n<!-- \/ Yoast SEO plugin. -->","yoast_head_json":{"title":"K\u00fcnye - bmsb-bodensysteme.de","robots":{"index":"noindex","follow":"nofollow"},"og_locale":"tr_TR","og_type":"article","og_title":"K\u00fcnye - bmsb-bodensysteme.de","og_description":"K\u00fcnye TMG \u00a7 5 uyar\u0131nca bilgiler bmsb Bodensysteme markas\u0131 \u2013\u015fu anda a\u015fa\u011f\u0131daki \u015firketlerin ortak giri\u015fimi olarak geli\u015ftirilmektedir: BM Business Consulting GmbH Neuh\u00e4user Stra\u00dfe 4933102 PaderbornAlmanya Temsil eden: Birguel Minnich (Genel M\u00fcd\u00fcr) \u0130leti\u015fim Mobil: +49 171 3893143E-Posta: bm.business.consulting.13@gmail.com Ticaret Sicili: Sicil Mahkemesi: Amtsgericht Paderborn Ticaret Sicil Numaras\u0131 (HRB): 15343 UStG \u00a7 27a uyar\u0131nca KDV Kimlik Numaras\u0131: [&hellip;]","og_url":"https:\/\/bmsb-bodensysteme.de\/tr\/kuenye\/","og_site_name":"bmsb-bodensysteme.de","article_modified_time":"2026-02-11T10:39:31+00:00","twitter_card":"summary_large_image","twitter_misc":{"Tahmini okuma s\u00fcresi":"5 dakika"},"schema":{"@context":"https:\/\/schema.org","@graph":[{"@type":"WebPage","@id":"https:\/\/bmsb-bodensysteme.de\/tr\/kuenye\/","url":"https:\/\/bmsb-bodensysteme.de\/tr\/kuenye\/","name":"K\u00fcnye - bmsb-bodensysteme.de","isPartOf":{"@id":"https:\/\/bmsb-bodensysteme.de\/tr\/#website"},"datePublished":"2025-09-15T20:21:16+00:00","dateModified":"2026-02-11T10:39:31+00:00","breadcrumb":{"@id":"https:\/\/bmsb-bodensysteme.de\/tr\/kuenye\/#breadcrumb"},"inLanguage":"tr","potentialAction":[{"@type":"ReadAction","target":["https:\/\/bmsb-bodensysteme.de\/tr\/kuenye\/"]}]},{"@type":"BreadcrumbList","@id":"https:\/\/bmsb-bodensysteme.de\/tr\/kuenye\/#breadcrumb","itemListElement":[{"@type":"ListItem","position":1,"name":"Startseite","item":"https:\/\/bmsb-bodensysteme.de\/tr\/"},{"@type":"ListItem","position":2,"name":"K\u00fcnye"}]},{"@type":"WebSite","@id":"https:\/\/bmsb-bodensysteme.de\/tr\/#website","url":"https:\/\/bmsb-bodensysteme.de\/tr\/","name":"bmsb-bodensysteme.de","description":"","publisher":{"@id":"https:\/\/bmsb-bodensysteme.de\/tr\/#organization"},"potentialAction":[{"@type":"SearchAction","target":{"@type":"EntryPoint","urlTemplate":"https:\/\/bmsb-bodensysteme.de\/tr\/?s={search_term_string}"},"query-input":{"@type":"PropertyValueSpecification","valueRequired":true,"valueName":"search_term_string"}}],"inLanguage":"tr"},{"@type":"Organization","@id":"https:\/\/bmsb-bodensysteme.de\/tr\/#organization","name":"bmsb-bodensysteme.de","url":"https:\/\/bmsb-bodensysteme.de\/tr\/","logo":{"@type":"ImageObject","inLanguage":"tr","@id":"https:\/\/bmsb-bodensysteme.de\/tr\/#\/schema\/logo\/image\/","url":"https:\/\/bmsb-bodensysteme.de\/wp-content\/uploads\/2025\/09\/bmsb-bodensysteme-logo-dunkel.png","contentUrl":"https:\/\/bmsb-bodensysteme.de\/wp-content\/uploads\/2025\/09\/bmsb-bodensysteme-logo-dunkel.png","width":347,"height":129,"caption":"bmsb-bodensysteme.de"},"image":{"@id":"https:\/\/bmsb-bodensysteme.de\/tr\/#\/schema\/logo\/image\/"}}]}},"_links":{"self":[{"href":"https:\/\/bmsb-bodensysteme.de\/tr\/wp-json\/wp\/v2\/pages\/1574","targetHints":{"allow":["GET"]}}],"collection":[{"href":"https:\/\/bmsb-bodensysteme.de\/tr\/wp-json\/wp\/v2\/pages"}],"about":[{"href":"https:\/\/bmsb-bodensysteme.de\/tr\/wp-json\/wp\/v2\/types\/page"}],"author":[{"embeddable":true,"href":"https:\/\/bmsb-bodensysteme.de\/tr\/wp-json\/wp\/v2\/users\/2"}],"replies":[{"embeddable":true,"href":"https:\/\/bmsb-bodensysteme.de\/tr\/wp-json\/wp\/v2\/comments?post=1574"}],"version-history":[{"count":4,"href":"https:\/\/bmsb-bodensysteme.de\/tr\/wp-json\/wp\/v2\/pages\/1574\/revisions"}],"predecessor-version":[{"id":2044,"href":"https:\/\/bmsb-bodensysteme.de\/tr\/wp-json\/wp\/v2\/pages\/1574\/revisions\/2044"}],"wp:attachment":[{"href":"https:\/\/bmsb-bodensysteme.de\/tr\/wp-json\/wp\/v2\/media?parent=1574"}],"curies":[{"name":"wp","href":"https:\/\/api.w.org\/{rel}","templated":true}]}}